{"id":195,"date":"2023-06-29T22:39:49","date_gmt":"2023-06-29T20:39:49","guid":{"rendered":"https:\/\/www.oris-automotive.com\/newsletter\/sinscrire\/"},"modified":"2024-03-28T13:57:40","modified_gmt":"2024-03-28T12:57:40","slug":"sinscrire","status":"publish","type":"page","link":"https:\/\/www.oris-automotive.com\/newsletter\/fr\/","title":{"rendered":"S&rsquo;inscrire"},"content":{"rendered":"\r\n<div class=\"wp-block-columns is-layout-flex wp-container-core-columns-layout-2 wp-block-columns-is-layout-flex\">\r\n<div class=\"wp-block-column is-layout-flow wp-block-column-is-layout-flow\" style=\"flex-basis: 25%;\">\u00a0<\/div>\r\n\r\n\r\n\r\n<div class=\"wp-block-column is-layout-flow wp-block-column-is-layout-flow\" style=\"flex-basis: 50%;\"><div class=\"mailster-block-form-type-content wp-block-mailster-form-outside-wrapper wp-block-mailster-form-outside-wrapper-cc2cf44d wp-block-mailster-form-outside-wrapper-190\"><style class=\"mailster-form-style-cc2cf44d\">.wp-block-mailster-form-outside-wrapper-cc2cf44d .wp-block-mailster-form-wrapper::before{content:\"\";top:0;left:0;bottom:0;right:0;;background-image:url(https:\/\/static.mailster.co\/forms\/dazzled-shocked-individual-dressed-in-casual-shirt.png);opacity:100%;position:absolute;background-size:35%;background-position:-2% 100%;background-repeat:no-repeat}.wp-block-mailster-form-outside-wrapper-cc2cf44d .wp-block-mailster-form-wrapper .mailster-label{}.wp-block-mailster-form-outside-wrapper-cc2cf44d .wp-block-mailster-form-wrapper .input{}.mailster-block-form input[type=\"text\"]{padding:1px 2px;border:2px inset rgb(118, 118, 118);font:16px \/ 18.4px sans-serif;border-radius:0px;background:rgb(255, 255, 255) none repeat scroll 0% 0% \/ auto padding-box border-box;box-shadow:none;line-height:18.4px;appearance:auto;outline:rgb(0, 0, 0) none 0px;text-transform:none;letter-spacing:normal;height:24.3906px;}.mailster-block-form input[type=\"email\"]{padding:1px 2px;border:2px inset rgb(118, 118, 118);font:16px \/ 18.4px sans-serif;border-radius:0px;background:rgb(255, 255, 255) none repeat scroll 0% 0% \/ auto padding-box border-box;box-shadow:none;line-height:18.4px;appearance:auto;outline:rgb(0, 0, 0) none 0px;text-transform:none;letter-spacing:normal;height:24.3906px;}.mailster-block-form input[type=\"date\"]{padding:0px 0px 0px 1px;border:2px inset rgb(118, 118, 118);font:16px \/ 18.4px sans-serif;border-radius:0px;background:rgb(255, 255, 255) none repeat scroll 0% 0% \/ auto padding-box border-box;box-shadow:none;line-height:18.4px;appearance:listbox;outline:rgb(0, 0, 0) none 0px;text-transform:none;letter-spacing:normal;height:24.3906px;}.mailster-block-form input[type=\"checkbox\"]{padding:0px;border:0px none rgb(0, 0, 0);font:16px \/ 18.4px sans-serif;border-radius:0px;background:rgba(0, 0, 0, 0) none repeat scroll 0% 0% \/ auto padding-box border-box;box-shadow:none;line-height:18.4px;appearance:auto;outline:rgb(0, 0, 0) none 0px;text-transform:none;letter-spacing:normal;width:13px;height:13px;}.mailster-block-form input[type=\"radio\"]{padding:0px;border:0px none rgb(0, 0, 0);font:16px \/ 18.4px sans-serif;border-radius:0px;background:rgba(0, 0, 0, 0) none repeat scroll 0% 0% \/ auto padding-box border-box;box-shadow:none;line-height:18.4px;appearance:auto;outline:rgb(0, 0, 0) none 0px;text-transform:none;letter-spacing:normal;width:13px;height:13px;}.mailster-block-form input[type=\"submit\"]{padding:14.006px 25.994px;border:2px outset rgb(0, 0, 0);font:18px \/ 20.7px sans-serif;border-radius:9999px;background:rgb(50, 55, 60) none repeat scroll 0% 0% \/ auto padding-box border-box;box-shadow:none;line-height:20.7px;appearance:button;outline:rgb(255, 255, 255) none 0px;text-transform:none;letter-spacing:normal;border:2px outset rgb(0, 0, 0);outline:rgb(255, 255, 255) none 0px;color:rgb(255, 255, 255);}.mailster-block-form select{padding:0px;border:1px solid rgb(118, 118, 118);font:16px sans-serif;border-radius:0px;background:rgb(255, 255, 255) none repeat scroll 0% 0% \/ auto padding-box border-box;box-shadow:none;line-height:normal;appearance:auto;outline:rgb(0, 0, 0) none 0px;text-transform:none;letter-spacing:normal;height:21px;}.mailster-block-form label{padding:0px;border:0px none rgb(0, 0, 0);font:16px \/ 18.4px sans-serif;border-radius:0px;background:rgba(0, 0, 0, 0) none repeat scroll 0% 0% \/ auto padding-box border-box;box-shadow:none;line-height:18.4px;appearance:none;outline:rgb(0, 0, 0) none 0px;text-transform:none;letter-spacing:normal;}.mailster-block-form textarea{padding:2px;border:1px solid rgb(118, 118, 118);font:16px \/ 18.4px sans-serif;border-radius:0px;background:rgb(255, 255, 255) none repeat scroll 0% 0% \/ auto padding-box border-box;box-shadow:none;line-height:18.4px;appearance:auto;outline:rgb(0, 0, 0) none 0px;text-transform:none;letter-spacing:normal;}div.wp-block-mailster-form-outside-wrapper.wp-block-mailster-form-outside-wrapper-cc2cf44d.wp-block-mailster-form-outside-wrapper-190 .mailster-wrapper{margin-top:1em}div.wp-block-mailster-form-outside-wrapper.wp-block-mailster-form-outside-wrapper-cc2cf44d.wp-block-mailster-form-outside-wrapper-190 .page-template-template-newsletter #main{min-height: 80vh}div.wp-block-mailster-form-outside-wrapper.wp-block-mailster-form-outside-wrapper-cc2cf44d.wp-block-mailster-form-outside-wrapper-190 .mailster-block-form.wp-block-mailster-form-wrapper .mailster-block-form-inner .mailster-wrapper input.input,div.wp-block-mailster-form-outside-wrapper.wp-block-mailster-form-outside-wrapper-cc2cf44d.wp-block-mailster-form-outside-wrapper-190 .mailster-block-form.wp-block-mailster-form-wrapper .mailster-block-form-inner .mailster-wrapper input[type=submit],div.wp-block-mailster-form-outside-wrapper.wp-block-mailster-form-outside-wrapper-cc2cf44d.wp-block-mailster-form-outside-wrapper-190 .mailster-block-form.wp-block-mailster-form-wrapper .mailster-block-form-inner .mailster-wrapper select.input,div.wp-block-mailster-form-outside-wrapper.wp-block-mailster-form-outside-wrapper-cc2cf44d.wp-block-mailster-form-outside-wrapper-190 .mailster-block-form.wp-block-mailster-form-wrapper .mailster-block-form-inner .mailster-wrapper textarea.input{padding: 20px 5px 20px 15px;    line-height: normal}div.wp-block-mailster-form-outside-wrapper.wp-block-mailster-form-outside-wrapper-cc2cf44d.wp-block-mailster-form-outside-wrapper-190 .mailster-block-form select.input,div.wp-block-mailster-form-outside-wrapper.wp-block-mailster-form-outside-wrapper-cc2cf44d.wp-block-mailster-form-outside-wrapper-190 .mailster-block-form input{font-size: 1em}div.wp-block-mailster-form-outside-wrapper.wp-block-mailster-form-outside-wrapper-cc2cf44d.wp-block-mailster-form-outside-wrapper-190 .mailster-block-form select{font-weight: normal;    padding: 20px 15px 20px 15px !important}<\/style>\n<form method=\"post\" novalidate style=\"color:#222222;background-color:#8ed1fc\" class=\"wp-block-mailster-form-wrapper mailster-block-form has-text-color has-background has-text-color has-background\"><div class=\"mailster-block-form-inner\">\n<div class=\"wp-block-columns is-layout-flex wp-container-core-columns-layout-1 wp-block-columns-is-layout-flex\">\n<div class=\"wp-block-column is-layout-flow wp-block-column-is-layout-flow\" style=\"flex-basis:33.33%\"><\/div>\n\n\n\n<div class=\"wp-block-column is-layout-flow wp-block-column-is-layout-flow\" style=\"padding-top:2rem;padding-right:2rem;padding-bottom:2rem;padding-left:2rem;flex-basis:66.67%\">\n<h2 class=\"wp-block-heading\" style=\"font-style:normal;font-weight:900\">Abonnement \u00e1 la newsletter!<\/h2>\n\n\n\n<div class=\"wp-block-mailster-field-company-name mailster-wrapper mailster-wrapper-required mailster-wrapper-type-textfield mailster-wrapper-inline mailster-wrapper-asterisk\"><input name=\"company-name\" id=\"mailster-id-9b78dc\" type=\"text\" aria-required=\"true\" aria-label=\"Nom de l'entreprise\" spellcheck=\"false\" required value=\"\" class=\"input\" autocomplete=\"\" placeholder=\" \"\/><label for=\"mailster-id-9b78dc\" class=\"mailster-label\">Nom de l&rsquo;entreprise<\/label><\/div>\n\n\n\n<div class=\"wp-block-mailster-messages mailster-block-form-info mailster-wrapper\" aria-hidden=\"true\"><div class=\"mailster-block-form-info-success\" style=\"width:100%;color:#ffffff;background:#6fbf4d\"><div>Please check your E-Mails and confirm your subscription!<\/div><div class=\"mailster-block-form-info-extra\"><\/div><\/div><div class=\"mailster-block-form-info-error\" style=\"width:100%;color:#ffffff;background:#bf4d4d\"><div>Some fields are missing or inccorrect!<\/div><div class=\"mailster-block-form-info-extra\"><\/div><\/div><\/div>\n\n\n\n<div class=\"wp-block-mailster-field-firstname mailster-wrapper mailster-wrapper-required mailster-wrapper-type-text mailster-wrapper-inline mailster-wrapper-asterisk\" style=\"width:49%\"><input name=\"firstname\" id=\"mailster-id-17c13b\" type=\"text\" aria-required=\"true\" aria-label=\"Pr\u00e9nom\" spellcheck=\"false\" required value=\"\" class=\"input\" autocomplete=\"given-name\" placeholder=\" \"\/><label for=\"mailster-id-17c13b\" class=\"mailster-label\">Pr\u00e9nom<\/label><\/div>\n\n\n\n<div class=\"wp-block-mailster-field-lastname mailster-wrapper mailster-wrapper-required mailster-wrapper-type-text mailster-wrapper-inline mailster-wrapper-asterisk\" style=\"width:49%\"><input name=\"lastname\" id=\"mailster-id-39fab8\" type=\"text\" aria-required=\"true\" aria-label=\"Nom de famille\" spellcheck=\"false\" required value=\"\" class=\"input\" autocomplete=\"family-name\" placeholder=\" \"\/><label for=\"mailster-id-39fab8\" class=\"mailster-label\">Nom de famille<\/label><\/div>\n\n\n\n<div class=\"wp-block-mailster-field-email mailster-wrapper mailster-wrapper-required mailster-wrapper-type-email mailster-wrapper-inline mailster-wrapper-asterisk\"><input name=\"email\" id=\"mailster-id-313e8f\" type=\"email\" aria-required=\"true\" aria-label=\"Votre adresse e-mail professionnelle\" spellcheck=\"false\" required value=\"\" class=\"input\" autocomplete=\"email\" placeholder=\" \"\/><label for=\"mailster-id-313e8f\" class=\"mailster-label\">Votre adresse e-mail professionnelle<\/label><\/div>\n\n\n\n<div class=\"wp-block-mailster-field-gruppe mailster-wrapper mailster-wrapper-type-dropdown mailster-wrapper-required mailster-wrapper-asterisk\"><label for=\"mailster-id-b16677\" class=\"mailster-label\">\u00c0 quel groupe appartenez-vous ?<\/label><select name=\"gruppe\" id=\"mailster-id-b16677\" class=\"input\" aria-required=\"false\" aria-label=\"\u00c0 quel groupe appartenez-vous ?\" value=\"\"><option value=\"Atelier automobile\">Atelier automobile<\/option><option value=\"Grossiste\/distributeur\">Grossiste\/distributeur<\/option><\/select><\/div>\n\n\n\n<div class=\"wp-block-mailster-field-land mailster-wrapper mailster-wrapper-type-dropdown mailster-wrapper-required mailster-wrapper-asterisk\"><label for=\"mailster-id-4c1435\" class=\"mailster-label\">Pays<\/label><select name=\"land\" id=\"mailster-id-4c1435\" class=\"input\" aria-required=\"false\" aria-label=\"Pays\" value=\"\"><option value=\"Allemagne\">Allemagne<\/option><option value=\"Autriche\">Autriche<\/option><option value=\"Suisse\">Suisse<\/option><option value=\"Pays-Bas\">Pays-Bas<\/option><option value=\"Belgique\">Belgique<\/option><option value=\"Luxembourg\">Luxembourg<\/option><option value=\"Grande-Bretagne\">Grande-Bretagne<\/option><option value=\"Irlande\">Irlande<\/option><option value=\"Espagne\">Espagne<\/option><option value=\"Portugal\">Portugal<\/option><option value=\"Italie\">Italie<\/option><option value=\"France\">France<\/option><option value=\"Hongrie\">Hongrie<\/option><\/select><\/div>\n\n\n\n<div class=\"wp-block-mailster-gdpr mailster-wrapper\"><div class=\"mailster-group mailster-group-checkbox\"><input id=\"mailster-id-d095f7\" type=\"checkbox\" name=\"_gdpr\" value=\"1\"\/><label for=\"mailster-id-d095f7\" class=\"mailster-label\">J&rsquo;accepte que mes donn\u00e9es personnelles soient trait\u00e9es par ACPS Automotive Services GmbH [ou l&rsquo;une de ses soci\u00e9t\u00e9s s\u0153urs] dans le but d&rsquo;envoyer et d&rsquo;optimiser la lettre d&rsquo;information r\u00e9guli\u00e8re par courrier \u00e9lectronique. Je peux r\u00e9silier mon consentement \u00e0 tout moment avec effet pour l&rsquo;avenir. Je peux trouver plus d&rsquo;informations sur le traitement de mes donn\u00e9es dans la <a rel=\"privacy-policy noopener\" href=\"https:\/\/www.oris-automotive.com\/en\/privacy\/\" target=\"_blank\">d\u00e9claration de protection des donn\u00e9es<\/a>.<\/label><\/div><\/div>\n\n\n\n<div class=\"wp-block-mailster-field-submit mailster-wrapper mailster-wrapper-type-submit wp-block-button\"><input name=\"submit\" id=\"mailster-id-13b4a6\" type=\"submit\" value=\"s'inscrire maintenant\" class=\"wp-block-button__link submit-button\"\/><\/div>\n<\/div>\n<\/div>\n<\/div><script class=\"mailster-block-form-data\" type=\"application\/json\">{\"id\":190,\"identifier\":\"cc2cf44d\",\"cooldown\":0,\"isPreview\":false,\"type\":\"submission\"}<\/script><input name=\"_timestamp\" type=\"hidden\" value=\"1776852660\" \/>\n<button class=\"mailster-block-form-close\" aria-label=\"close\" tabindex=\"0\"><svg viewbox=\"0 0 100 100\"><path d=\"M100 10.71 89.29 0 50 39.29 10.71 0 0 10.71 39.29 50 0 89.29 10.71 100 50 60.71 89.29 100 100 89.29 60.71 50z\"\/><\/svg><\/button><\/form>\n<\/div><\/div>\r\n\r\n\r\n\r\n<div class=\"wp-block-column is-layout-flow wp-block-column-is-layout-flow\" style=\"flex-basis: 25%;\">\u00a0<\/div>\r\n<\/div>\r\n\r\n\r\n\r\n<p>&nbsp;<\/p>\r\n","protected":false},"excerpt":{"rendered":"<p>\u00a0 \u00a0 &nbsp;<\/p>\n","protected":false},"author":1,"featured_media":0,"parent":0,"menu_order":0,"comment_status":"closed","ping_status":"closed","template":"full-width.php","meta":{"footnotes":""},"acf":[],"_links":{"self":[{"href":"https:\/\/www.oris-automotive.com\/newsletter\/fr\/wp-json\/wp\/v2\/pages\/195"}],"collection":[{"href":"https:\/\/www.oris-automotive.com\/newsletter\/fr\/wp-json\/wp\/v2\/pages"}],"about":[{"href":"https:\/\/www.oris-automotive.com\/newsletter\/fr\/wp-json\/wp\/v2\/types\/page"}],"author":[{"embeddable":true,"href":"https:\/\/www.oris-automotive.com\/newsletter\/fr\/wp-json\/wp\/v2\/users\/1"}],"replies":[{"embeddable":true,"href":"https:\/\/www.oris-automotive.com\/newsletter\/fr\/wp-json\/wp\/v2\/comments?post=195"}],"version-history":[{"count":8,"href":"https:\/\/www.oris-automotive.com\/newsletter\/fr\/wp-json\/wp\/v2\/pages\/195\/revisions"}],"predecessor-version":[{"id":258,"href":"https:\/\/www.oris-automotive.com\/newsletter\/fr\/wp-json\/wp\/v2\/pages\/195\/revisions\/258"}],"wp:attachment":[{"href":"https:\/\/www.oris-automotive.com\/newsletter\/fr\/wp-json\/wp\/v2\/media?parent=195"}],"curies":[{"name":"wp","href":"https:\/\/api.w.org\/{rel}","templated":true}]}}