{"id":5093,"date":"2024-11-30T15:09:23","date_gmt":"2024-11-30T14:09:23","guid":{"rendered":"https:\/\/www.oris-automotive.com\/bike-carriers\/ersatzteile-und-zubehoer-fuer-fahrradtraeger\/"},"modified":"2025-02-26T17:54:05","modified_gmt":"2025-02-26T16:54:05","slug":"spare-parts-and-accessories","status":"publish","type":"page","link":"https:\/\/www.oris-automotive.com\/en\/bike-carriers\/spare-parts-and-accessories\/","title":{"rendered":"Spare parts and accessories for our bicycle carriers"},"content":{"rendered":"","protected":false},"excerpt":{"rendered":"","protected":false},"author":9,"featured_media":0,"parent":496,"menu_order":20,"comment_status":"closed","ping_status":"closed","template":"template-text.php","meta":[],"acf":[],"yoast_head":"<!-- This site is optimized with the Yoast SEO plugin v20.13 - https:\/\/yoast.com\/wordpress\/plugins\/seo\/ -->\n<title>Ersatzteile &amp; Zubeh\u00f6r f\u00fcr Fahrradtr\u00e4ger ORIS TRACC und ORIS TRACC FIX4BIKE\u00ae<\/title>\n<meta name=\"description\" content=\"ORIS ist Europas f\u00fchrender Hersteller von Anh\u00e4ngerkupplungen und Fahrradtr\u00e4gern mit einer Reihe von Produkten f\u00fcr den privaten und gewerblichen Gebrauch.\" \/>\n<meta name=\"robots\" content=\"index, follow, max-snippet:-1, max-image-preview:large, max-video-preview:-1\" \/>\n<link rel=\"canonical\" href=\"https:\/\/www.oris-automotive.com\/en\/bike-carriers\/spare-parts-and-accessories\/\" \/>\n<meta property=\"og:locale\" content=\"en_GB\" \/>\n<meta property=\"og:type\" content=\"article\" \/>\n<meta property=\"og:title\" content=\"Ersatzteile &amp; Zubeh\u00f6r f\u00fcr Fahrradtr\u00e4ger ORIS TRACC und ORIS TRACC FIX4BIKE\u00ae\" \/>\n<meta property=\"og:description\" content=\"ORIS ist Europas f\u00fchrender Hersteller von Anh\u00e4ngerkupplungen und Fahrradtr\u00e4gern mit einer Reihe von Produkten f\u00fcr den privaten und gewerblichen Gebrauch.\" \/>\n<meta property=\"og:url\" content=\"https:\/\/www.oris-automotive.com\/en\/bike-carriers\/spare-parts-and-accessories\/\" \/>\n<meta property=\"og:site_name\" content=\"ORIS\" \/>\n<meta property=\"article:modified_time\" content=\"2025-02-26T16:54:05+00:00\" \/>\n<meta name=\"twitter:card\" content=\"summary_large_image\" \/>\n<script type=\"application\/ld+json\" class=\"yoast-schema-graph\">{\"@context\":\"https:\/\/schema.org\",\"@graph\":[{\"@type\":\"WebPage\",\"@id\":\"https:\/\/www.oris-automotive.com\/en\/bike-carriers\/spare-parts-and-accessories\/\",\"url\":\"https:\/\/www.oris-automotive.com\/en\/bike-carriers\/spare-parts-and-accessories\/\",\"name\":\"Ersatzteile & Zubeh\u00f6r f\u00fcr Fahrradtr\u00e4ger ORIS TRACC und ORIS TRACC FIX4BIKE\u00ae\",\"isPartOf\":{\"@id\":\"https:\/\/www.oris-automotive.com\/?lang=de\/#website\"},\"datePublished\":\"2024-11-30T14:09:23+00:00\",\"dateModified\":\"2025-02-26T16:54:05+00:00\",\"description\":\"ORIS ist Europas f\u00fchrender Hersteller von Anh\u00e4ngerkupplungen und Fahrradtr\u00e4gern mit einer Reihe von Produkten f\u00fcr den privaten und gewerblichen Gebrauch.\",\"breadcrumb\":{\"@id\":\"https:\/\/www.oris-automotive.com\/en\/bike-carriers\/spare-parts-and-accessories\/#breadcrumb\"},\"inLanguage\":\"en-GB\",\"potentialAction\":[{\"@type\":\"ReadAction\",\"target\":[\"https:\/\/www.oris-automotive.com\/en\/bike-carriers\/spare-parts-and-accessories\/\"]}]},{\"@type\":\"BreadcrumbList\",\"@id\":\"https:\/\/www.oris-automotive.com\/en\/bike-carriers\/spare-parts-and-accessories\/#breadcrumb\",\"itemListElement\":[{\"@type\":\"ListItem\",\"position\":1,\"name\":\"Home\",\"item\":\"https:\/\/www.oris-automotive.com\/en\/\"},{\"@type\":\"ListItem\",\"position\":2,\"name\":\"Bike Carriers\",\"item\":\"https:\/\/www.oris-automotive.com\/en\/bike-carriers\/\"},{\"@type\":\"ListItem\",\"position\":3,\"name\":\"Spare parts and accessories for our bicycle carriers\"}]},{\"@type\":\"WebSite\",\"@id\":\"https:\/\/www.oris-automotive.com\/?lang=de\/#website\",\"url\":\"https:\/\/www.oris-automotive.com\/?lang=de\/\",\"name\":\"ORIS\",\"description\":\"\",\"potentialAction\":[{\"@type\":\"SearchAction\",\"target\":{\"@type\":\"EntryPoint\",\"urlTemplate\":\"https:\/\/www.oris-automotive.com\/?lang=de\/?s={search_term_string}\"},\"query-input\":\"required name=search_term_string\"}],\"inLanguage\":\"en-GB\"}]}<\/script>\n<!-- \/ Yoast SEO plugin. -->","yoast_head_json":{"title":"Ersatzteile & Zubeh\u00f6r f\u00fcr Fahrradtr\u00e4ger ORIS TRACC und ORIS TRACC FIX4BIKE\u00ae","description":"ORIS ist Europas f\u00fchrender Hersteller von Anh\u00e4ngerkupplungen und Fahrradtr\u00e4gern mit einer Reihe von Produkten f\u00fcr den privaten und gewerblichen Gebrauch.","robots":{"index":"index","follow":"follow","max-snippet":"max-snippet:-1","max-image-preview":"max-image-preview:large","max-video-preview":"max-video-preview:-1"},"canonical":"https:\/\/www.oris-automotive.com\/en\/bike-carriers\/spare-parts-and-accessories\/","og_locale":"en_GB","og_type":"article","og_title":"Ersatzteile & Zubeh\u00f6r f\u00fcr Fahrradtr\u00e4ger ORIS TRACC und ORIS TRACC FIX4BIKE\u00ae","og_description":"ORIS ist Europas f\u00fchrender Hersteller von Anh\u00e4ngerkupplungen und Fahrradtr\u00e4gern mit einer Reihe von Produkten f\u00fcr den privaten und gewerblichen Gebrauch.","og_url":"https:\/\/www.oris-automotive.com\/en\/bike-carriers\/spare-parts-and-accessories\/","og_site_name":"ORIS","article_modified_time":"2025-02-26T16:54:05+00:00","twitter_card":"summary_large_image","schema":{"@context":"https:\/\/schema.org","@graph":[{"@type":"WebPage","@id":"https:\/\/www.oris-automotive.com\/en\/bike-carriers\/spare-parts-and-accessories\/","url":"https:\/\/www.oris-automotive.com\/en\/bike-carriers\/spare-parts-and-accessories\/","name":"Ersatzteile & Zubeh\u00f6r f\u00fcr Fahrradtr\u00e4ger ORIS TRACC und ORIS TRACC FIX4BIKE\u00ae","isPartOf":{"@id":"https:\/\/www.oris-automotive.com\/?lang=de\/#website"},"datePublished":"2024-11-30T14:09:23+00:00","dateModified":"2025-02-26T16:54:05+00:00","description":"ORIS ist Europas f\u00fchrender Hersteller von Anh\u00e4ngerkupplungen und Fahrradtr\u00e4gern mit einer Reihe von Produkten f\u00fcr den privaten und gewerblichen Gebrauch.","breadcrumb":{"@id":"https:\/\/www.oris-automotive.com\/en\/bike-carriers\/spare-parts-and-accessories\/#breadcrumb"},"inLanguage":"en-GB","potentialAction":[{"@type":"ReadAction","target":["https:\/\/www.oris-automotive.com\/en\/bike-carriers\/spare-parts-and-accessories\/"]}]},{"@type":"BreadcrumbList","@id":"https:\/\/www.oris-automotive.com\/en\/bike-carriers\/spare-parts-and-accessories\/#breadcrumb","itemListElement":[{"@type":"ListItem","position":1,"name":"Home","item":"https:\/\/www.oris-automotive.com\/en\/"},{"@type":"ListItem","position":2,"name":"Bike Carriers","item":"https:\/\/www.oris-automotive.com\/en\/bike-carriers\/"},{"@type":"ListItem","position":3,"name":"Spare parts and accessories for our bicycle carriers"}]},{"@type":"WebSite","@id":"https:\/\/www.oris-automotive.com\/?lang=de\/#website","url":"https:\/\/www.oris-automotive.com\/?lang=de\/","name":"ORIS","description":"","potentialAction":[{"@type":"SearchAction","target":{"@type":"EntryPoint","urlTemplate":"https:\/\/www.oris-automotive.com\/?lang=de\/?s={search_term_string}"},"query-input":"required name=search_term_string"}],"inLanguage":"en-GB"}]}},"_links":{"self":[{"href":"https:\/\/www.oris-automotive.com\/en\/wp-json\/wp\/v2\/pages\/5093"}],"collection":[{"href":"https:\/\/www.oris-automotive.com\/en\/wp-json\/wp\/v2\/pages"}],"about":[{"href":"https:\/\/www.oris-automotive.com\/en\/wp-json\/wp\/v2\/types\/page"}],"author":[{"embeddable":true,"href":"https:\/\/www.oris-automotive.com\/en\/wp-json\/wp\/v2\/users\/9"}],"replies":[{"embeddable":true,"href":"https:\/\/www.oris-automotive.com\/en\/wp-json\/wp\/v2\/comments?post=5093"}],"version-history":[{"count":3,"href":"https:\/\/www.oris-automotive.com\/en\/wp-json\/wp\/v2\/pages\/5093\/revisions"}],"predecessor-version":[{"id":5171,"href":"https:\/\/www.oris-automotive.com\/en\/wp-json\/wp\/v2\/pages\/5093\/revisions\/5171"}],"up":[{"embeddable":true,"href":"https:\/\/www.oris-automotive.com\/en\/wp-json\/wp\/v2\/pages\/496"}],"wp:attachment":[{"href":"https:\/\/www.oris-automotive.com\/en\/wp-json\/wp\/v2\/media?parent=5093"}],"curies":[{"name":"wp","href":"https:\/\/api.w.org\/{rel}","templated":true}]}}